{"id":578,"date":"2018-09-27T08:59:42","date_gmt":"2018-09-27T06:59:42","guid":{"rendered":"http:\/\/justicia.mikado-themes.com\/?page_id=578"},"modified":"2023-07-24T11:29:17","modified_gmt":"2023-07-24T09:29:17","slug":"notre-equipe","status":"publish","type":"page","link":"https:\/\/leria-insurance.com\/index.php\/notre-equipe\/","title":{"rendered":"Notre \u00e9quipe"},"content":{"rendered":"<p>[vc_row css=\u00a0\u00bb.vc_custom_1627985493373{padding-right: 2px !important;padding-left: 2px !important;}\u00a0\u00bb][vc_column width=\u00a0\u00bb1\/6&Prime;][vc_empty_space][\/vc_column][vc_column width=\u00a0\u00bb2\/3&Prime;][vc_column_text css=\u00a0\u00bb.vc_custom_1627985468615{padding-right: 2px !important;padding-left: 2px !important;}\u00a0\u00bb]<\/p>\n<h5 style=\"text-align: center;\">Vous pouvez compter sur l\u2019accompagnement d\u2019une \u00e9quipe \u00e0 l\u2019\u00e9coute des besoins de ses clients et d\u00e9di\u00e9e \u00e0 la recherche et au d\u00e9veloppement de solutions sur-mesure.<\/h5>\n<p>[\/vc_column_text][\/vc_column][vc_column width=\u00a0\u00bb1\/6&Prime;][vc_empty_space][\/vc_column][\/vc_row][vc_row row_content_width=\u00a0\u00bbgrid\u00a0\u00bb css=\u00a0\u00bb.vc_custom_1627980135005{margin-right: 10px !important;margin-left: 10px !important;padding-top: 25px !important;}\u00a0\u00bb][vc_column offset=\u00a0\u00bbvc_hidden-xs\u00a0\u00bb][vc_row_inner content_placement=\u00a0\u00bbtop\u00a0\u00bb content_text_aligment=\u00a0\u00bbleft\u00a0\u00bb][vc_column_inner width=\u00a0\u00bb1\/2&Prime;]<div class=\"mkdf-team-holder mkdf-team-info-below-image\">\n\t<div class=\"mkdf-team-inner\">\n\t\t\t\t\t<div class=\"mkdf-team-image\">\n                <img width=\"1080\" height=\"1080\" src=\"https:\/\/leria-insurance.com\/wp-content\/uploads\/2023\/03\/Cecile-2.png\" class=\"attachment-full size-full\" alt=\"\" loading=\"lazy\" srcset=\"https:\/\/leria-insurance.com\/wp-content\/uploads\/2023\/03\/Cecile-2.png 1080w, https:\/\/leria-insurance.com\/wp-content\/uploads\/2023\/03\/Cecile-2-300x300.png 300w, https:\/\/leria-insurance.com\/wp-content\/uploads\/2023\/03\/Cecile-2-1024x1024.png 1024w, https:\/\/leria-insurance.com\/wp-content\/uploads\/2023\/03\/Cecile-2-150x150.png 150w, https:\/\/leria-insurance.com\/wp-content\/uploads\/2023\/03\/Cecile-2-768x768.png 768w, https:\/\/leria-insurance.com\/wp-content\/uploads\/2023\/03\/Cecile-2-650x650.png 650w\" sizes=\"(max-width: 1080px) 100vw, 1080px\" \/>\t\t\t<\/div>\n\t\t\t\t<div class=\"mkdf-team-info\">\n\t\t\t\t\t\t\t<h4 class=\"mkdf-team-name\" >C\u00e9cile BEAUVERGER<\/h4>\n\t\t\t\t\t\t\t\t\t\t<h6 class=\"mkdf-team-position\" >Responsable Juridique Urbanisme et Environnement<\/h6>\n\t\t\t\t\t\t\t\t\t\t\t<\/div>\n\t<\/div>\n<\/div><div class=\"mkdf-accordion-holder mkdf-ac-default  mkdf-toggle mkdf-ac-simple  clearfix\">\n\t<h3 class=\"mkdf-accordion-title\">\n    <span class=\"mkdf-accordion-mark\">\n\t\t<span class=\"mkdf_icon_plus icon_plus\"><\/span>\n\t\t<span class=\"mkdf_icon_minus icon_minus-06\"><\/span>\n\t<\/span>\n\t<span class=\"mkdf-tab-title\">Parcours<\/span>\n<\/h3>\n<div class=\"mkdf-accordion-content\">\n\t<div class=\"mkdf-accordion-content-inner\">\n\t\t[vc_column_text]<\/p>\n<p align=\"justify\"><span class=\"ui-provider vu b c d e f g h i j k l m n o p q r s t u v w x y z ab ac ae af ag ah ai aj ak\" dir=\"ltr\">Dot\u00e9e d\u2019un Master II en Droit de Droit de l\u2019Urbanisme, de la Construction et de l\u2019Immobilier et d\u2019un Master I en Droit notarial, C\u00e9cile a travaill\u00e9 dans le secteur du BTP, durant plusieurs ann\u00e9es. \u00a0Aujourd\u2019hui, elle met \u00e0 profit ses comp\u00e9tences aupr\u00e8s des clients professionnels de l\u2019immobilier afin de leur fournir une garantie adapt\u00e9e \u00e0 leurs besoins pour s\u00e9curiser les autorisations d\u2019urbanisme dont d\u00e9pendent leurs projets.<\/span><\/p>\n<p>[\/vc_column_text]\t<\/div>\n<\/div><\/div>[vc_icon type=\u00a0\u00bbopeniconic\u00a0\u00bb icon_openiconic=\u00a0\u00bbvc-oi vc-oi-mail\u00a0\u00bb color=\u00a0\u00bbcustom\u00a0\u00bb size=\u00a0\u00bbxs\u00a0\u00bb align=\u00a0\u00bbcenter\u00a0\u00bb link=\u00a0\u00bburl:mailto%3Acbeauverger%40leria-insurance.com\u00a0\u00bb custom_color=\u00a0\u00bb#005a70&Prime;][\/vc_column_inner][vc_column_inner width=\u00a0\u00bb1\/2&Prime;]<div class=\"mkdf-team-holder mkdf-team-info-below-image\">\n\t<div class=\"mkdf-team-inner\">\n\t\t\t\t\t<div class=\"mkdf-team-image\">\n                <img width=\"799\" height=\"799\" src=\"https:\/\/leria-insurance.com\/wp-content\/uploads\/2023\/03\/1669235868648.jpg\" class=\"attachment-full size-full\" alt=\"\" loading=\"lazy\" srcset=\"https:\/\/leria-insurance.com\/wp-content\/uploads\/2023\/03\/1669235868648.jpg 799w, https:\/\/leria-insurance.com\/wp-content\/uploads\/2023\/03\/1669235868648-300x300.jpg 300w, https:\/\/leria-insurance.com\/wp-content\/uploads\/2023\/03\/1669235868648-150x150.jpg 150w, https:\/\/leria-insurance.com\/wp-content\/uploads\/2023\/03\/1669235868648-768x768.jpg 768w, https:\/\/leria-insurance.com\/wp-content\/uploads\/2023\/03\/1669235868648-650x650.jpg 650w\" sizes=\"(max-width: 799px) 100vw, 799px\" \/>\t\t\t<\/div>\n\t\t\t\t<div class=\"mkdf-team-info\">\n\t\t\t\t\t\t\t<h4 class=\"mkdf-team-name\" >Hicham BOUMLAIK<\/h4>\n\t\t\t\t\t\t\t\t\t\t<h6 class=\"mkdf-team-position\" >Responsable Juridique Urbanisme et Environnement<\/h6>\n\t\t\t\t\t\t\t\t\t\t\t<\/div>\n\t<\/div>\n<\/div><div class=\"mkdf-accordion-holder mkdf-ac-default  mkdf-toggle mkdf-ac-simple  clearfix\">\n\t<h3 class=\"mkdf-accordion-title\">\n    <span class=\"mkdf-accordion-mark\">\n\t\t<span class=\"mkdf_icon_plus icon_plus\"><\/span>\n\t\t<span class=\"mkdf_icon_minus icon_minus-06\"><\/span>\n\t<\/span>\n\t<span class=\"mkdf-tab-title\">Parcours<\/span>\n<\/h3>\n<div class=\"mkdf-accordion-content\">\n\t<div class=\"mkdf-accordion-content-inner\">\n\t\t[vc_column_text css=\u00a0\u00bb.vc_custom_1678181046917{margin-bottom: 10px !important;}\u00a0\u00bb]Titulaire d\u2019un Master 2 en Droit de la Construction, de l\u2019Immobilier et de l\u2019Urbanisme ainsi que d\u2019un M1 en Droit Public et Administration Publique, Hicham a r\u00e9dig\u00e9 un m\u00e9moire portant sur l\u2019analyse des carences en s\u00e9curit\u00e9 juridique dont souffrent les autorisations d\u2019urbanisme. \u00a0Fort de cette exp\u00e9rience ainsi que de sa curiosit\u00e9 et de son enthousiasme, Hicham r\u00e9pond \u00e0 vos demandes et \u00e0 vos besoins afin de garantir la s\u00e9curisation de vos projets de construction tant dans le secteur immobilier que dans le secteur des \u00e9nergies renouvelables.[\/vc_column_text]\t<\/div>\n<\/div><\/div>[vc_icon type=\u00a0\u00bbopeniconic\u00a0\u00bb icon_openiconic=\u00a0\u00bbvc-oi vc-oi-mail\u00a0\u00bb color=\u00a0\u00bbcustom\u00a0\u00bb size=\u00a0\u00bbxs\u00a0\u00bb align=\u00a0\u00bbcenter\u00a0\u00bb link=\u00a0\u00bburl:mailto%3Ahboumlaik%40leria-insurance.com\u00a0\u00bb custom_color=\u00a0\u00bb#005a70&Prime;][\/vc_column_inner][\/vc_row_inner][\/vc_column][\/vc_row][vc_row row_content_width=\u00a0\u00bbgrid\u00a0\u00bb][vc_column offset=\u00a0\u00bbvc_hidden-lg vc_hidden-md vc_hidden-sm\u00a0\u00bb]<div class=\"mkdf-team-holder mkdf-team-info-below-image\">\n\t<div class=\"mkdf-team-inner\">\n\t\t\t\t\t<div class=\"mkdf-team-image\">\n                <img width=\"1080\" height=\"1080\" src=\"https:\/\/leria-insurance.com\/wp-content\/uploads\/2023\/03\/Cecile-2.png\" class=\"attachment-full size-full\" alt=\"\" loading=\"lazy\" srcset=\"https:\/\/leria-insurance.com\/wp-content\/uploads\/2023\/03\/Cecile-2.png 1080w, https:\/\/leria-insurance.com\/wp-content\/uploads\/2023\/03\/Cecile-2-300x300.png 300w, https:\/\/leria-insurance.com\/wp-content\/uploads\/2023\/03\/Cecile-2-1024x1024.png 1024w, https:\/\/leria-insurance.com\/wp-content\/uploads\/2023\/03\/Cecile-2-150x150.png 150w, https:\/\/leria-insurance.com\/wp-content\/uploads\/2023\/03\/Cecile-2-768x768.png 768w, https:\/\/leria-insurance.com\/wp-content\/uploads\/2023\/03\/Cecile-2-650x650.png 650w\" sizes=\"(max-width: 1080px) 100vw, 1080px\" \/>\t\t\t<\/div>\n\t\t\t\t<div class=\"mkdf-team-info\">\n\t\t\t\t\t\t\t<h4 class=\"mkdf-team-name\" >C\u00e9cile BEAUVERGER<\/h4>\n\t\t\t\t\t\t\t\t\t\t<h6 class=\"mkdf-team-position\" >Responsable Juridique Urbanisme et Environnement<\/h6>\n\t\t\t\t\t\t\t\t\t\t\t<\/div>\n\t<\/div>\n<\/div><div class=\"mkdf-accordion-holder mkdf-ac-default  mkdf-toggle mkdf-ac-simple  clearfix\">\n\t<p class=\"mkdf-accordion-title\">\n    <span class=\"mkdf-accordion-mark\">\n\t\t<span class=\"mkdf_icon_plus icon_plus\"><\/span>\n\t\t<span class=\"mkdf_icon_minus icon_minus-06\"><\/span>\n\t<\/span>\n\t<span class=\"mkdf-tab-title\">Parcours<\/span>\n<\/p>\n<div class=\"mkdf-accordion-content\">\n\t<div class=\"mkdf-accordion-content-inner\">\n\t\t[vc_column_text]<\/p>\n<div class=\"mkdf-accordion-holder mkdf-ac-default mkdf-toggle mkdf-ac-simple clearfix accordion ui-accordion ui-accordion-icons ui-widget ui-helper-reset\">\n<div class=\"mkdf-accordion-content ui-accordion-content ui-helper-reset ui-widget-content ui-corner-bottom ui-accordion-content-active\">\n<div class=\"mkdf-accordion-content-inner\">\n<div class=\"wpb_text_column wpb_content_element \">\n<div class=\"wpb_wrapper\">\n<p align=\"justify\"><span class=\"ui-provider vu b c d e f g h i j k l m n o p q r s t u v w x y z ab ac ae af ag ah ai aj ak\" dir=\"ltr\">Dot\u00e9e d\u2019un Master II en Droit de Droit de l\u2019Urbanisme, de la Construction et de l\u2019Immobilier et d\u2019un Master I en Droit notarial, C\u00e9cile a travaill\u00e9 dans le secteur du BTP, durant plusieurs ann\u00e9es. \u00a0Aujourd\u2019hui, elle met \u00e0 profit ses comp\u00e9tences aupr\u00e8s des clients professionnels de l\u2019immobilier afin de leur fournir une garantie adapt\u00e9e \u00e0 leurs besoins pour s\u00e9curiser les autorisations d\u2019urbanisme dont d\u00e9pendent leurs projets.<\/span><\/p>\n<\/div>\n<\/div>\n<\/div>\n<\/div>\n<\/div>\n<p>[\/vc_column_text]\t<\/div>\n<\/div><\/div>[vc_icon type=\u00a0\u00bbopeniconic\u00a0\u00bb icon_openiconic=\u00a0\u00bbvc-oi vc-oi-mail\u00a0\u00bb color=\u00a0\u00bbcustom\u00a0\u00bb size=\u00a0\u00bbxs\u00a0\u00bb align=\u00a0\u00bbcenter\u00a0\u00bb link=\u00a0\u00bburl:mailto%3Acbeauverger%40leria-insurance.com\u00a0\u00bb custom_color=\u00a0\u00bb#005a70&Prime;][vc_empty_space]<div class=\"mkdf-team-holder mkdf-team-info-below-image\">\n\t<div class=\"mkdf-team-inner\">\n\t\t\t\t\t<div class=\"mkdf-team-image\">\n                <img width=\"799\" height=\"799\" src=\"https:\/\/leria-insurance.com\/wp-content\/uploads\/2023\/03\/1669235868648.jpg\" class=\"attachment-full size-full\" alt=\"\" loading=\"lazy\" srcset=\"https:\/\/leria-insurance.com\/wp-content\/uploads\/2023\/03\/1669235868648.jpg 799w, https:\/\/leria-insurance.com\/wp-content\/uploads\/2023\/03\/1669235868648-300x300.jpg 300w, https:\/\/leria-insurance.com\/wp-content\/uploads\/2023\/03\/1669235868648-150x150.jpg 150w, https:\/\/leria-insurance.com\/wp-content\/uploads\/2023\/03\/1669235868648-768x768.jpg 768w, https:\/\/leria-insurance.com\/wp-content\/uploads\/2023\/03\/1669235868648-650x650.jpg 650w\" sizes=\"(max-width: 799px) 100vw, 799px\" \/>\t\t\t<\/div>\n\t\t\t\t<div class=\"mkdf-team-info\">\n\t\t\t\t\t\t\t<h4 class=\"mkdf-team-name\" >Hicham BOUMLAIK<\/h4>\n\t\t\t\t\t\t\t\t\t\t<h6 class=\"mkdf-team-position\" >Responsable Juridique Urbanisme et Environnement<\/h6>\n\t\t\t\t\t\t\t\t\t\t\t<\/div>\n\t<\/div>\n<\/div><div class=\"mkdf-accordion-holder mkdf-ac-default  mkdf-toggle mkdf-ac-simple  clearfix\">\n\t<h3 class=\"mkdf-accordion-title\">\n    <span class=\"mkdf-accordion-mark\">\n\t\t<span class=\"mkdf_icon_plus icon_plus\"><\/span>\n\t\t<span class=\"mkdf_icon_minus icon_minus-06\"><\/span>\n\t<\/span>\n\t<span class=\"mkdf-tab-title\">Parcours<\/span>\n<\/h3>\n<div class=\"mkdf-accordion-content\">\n\t<div class=\"mkdf-accordion-content-inner\">\n\t\t[vc_column_text]<\/p>\n<div class=\"mkdf-accordion-holder mkdf-ac-default mkdf-toggle mkdf-ac-simple clearfix accordion ui-accordion ui-accordion-icons ui-widget ui-helper-reset\">\n<div class=\"mkdf-accordion-content ui-accordion-content ui-helper-reset ui-widget-content ui-corner-bottom ui-accordion-content-active\">\n<div class=\"mkdf-accordion-content-inner\">\n<div class=\"wpb_text_column wpb_content_element vc_custom_1678181046917\">\n<div class=\"wpb_wrapper\">\n<p>Titulaire d\u2019un Master 2 en Droit de la Construction, de l\u2019Immobilier et de l\u2019Urbanisme ainsi que d\u2019un M1 en Droit Public et Administration Publique, Hicham a r\u00e9dig\u00e9 un m\u00e9moire portant sur l\u2019analyse des carences en s\u00e9curit\u00e9 juridique dont souffrent les autorisations d\u2019urbanisme. \u00a0Fort de cette exp\u00e9rience ainsi que de sa curiosit\u00e9 et de son enthousiasme, Hicham r\u00e9pond \u00e0 vos demandes et \u00e0 vos besoins afin de garantir la s\u00e9curisation de vos projets de construction tant dans le secteur immobilier que dans le secteur des \u00e9nergies renouvelables.<\/p>\n<\/div>\n<\/div>\n<\/div>\n<\/div>\n<\/div>\n<p>[\/vc_column_text]\t<\/div>\n<\/div><\/div>[vc_icon type=\u00a0\u00bbopeniconic\u00a0\u00bb icon_openiconic=\u00a0\u00bbvc-oi vc-oi-mail\u00a0\u00bb color=\u00a0\u00bbcustom\u00a0\u00bb size=\u00a0\u00bbxs\u00a0\u00bb align=\u00a0\u00bbcenter\u00a0\u00bb link=\u00a0\u00bburl:mailto%3Ahboumlaik%40leria-insurance.com\u00a0\u00bb custom_color=\u00a0\u00bb#005a70&Prime;][vc_empty_space][\/vc_column][\/vc_row]<\/p>\n","protected":false},"excerpt":{"rendered":"<p>[vc_row css=\u00a0\u00bb.vc_custom_1627985493373{padding-right: 2px !important;padding-left: 2px !important;}\u00a0\u00bb][vc_column width=\u00a0\u00bb1\/6&Prime;][vc_empty_space][\/vc_column][vc_column width=\u00a0\u00bb2\/3&Prime;][vc_column_text css=\u00a0\u00bb.vc_custom_1627985468615{padding-right: 2px !important;padding-left: 2px !important;}\u00a0\u00bb] Vous pouvez compter sur l\u2019accompagnement d\u2019une \u00e9quipe \u00e0 l\u2019\u00e9coute des besoins de ses clients et d\u00e9di\u00e9e \u00e0 la recherche et au d\u00e9veloppement de solutions sur-mesure. [\/vc_column_text][\/vc_column][vc_column width=\u00a0\u00bb1\/6&Prime;][vc_empty_space][\/vc_column][\/vc_row][vc_row row_content_width=\u00a0\u00bbgrid\u00a0\u00bb css=\u00a0\u00bb.vc_custom_1627980135005{margin-right: 10px !important;margin-left: 10px !important;padding-top: 25px !important;}\u00a0\u00bb][vc_column offset=\u00a0\u00bbvc_hidden-xs\u00a0\u00bb][vc_row_inner content_placement=\u00a0\u00bbtop\u00a0\u00bb [&hellip;]<\/p>\n","protected":false},"author":1,"featured_media":0,"parent":0,"menu_order":0,"comment_status":"closed","ping_status":"closed","template":"full-width.php","meta":[],"_links":{"self":[{"href":"https:\/\/leria-insurance.com\/index.php\/wp-json\/wp\/v2\/pages\/578"}],"collection":[{"href":"https:\/\/leria-insurance.com\/index.php\/wp-json\/wp\/v2\/pages"}],"about":[{"href":"https:\/\/leria-insurance.com\/index.php\/wp-json\/wp\/v2\/types\/page"}],"author":[{"embeddable":true,"href":"https:\/\/leria-insurance.com\/index.php\/wp-json\/wp\/v2\/users\/1"}],"replies":[{"embeddable":true,"href":"https:\/\/leria-insurance.com\/index.php\/wp-json\/wp\/v2\/comments?post=578"}],"version-history":[{"count":71,"href":"https:\/\/leria-insurance.com\/index.php\/wp-json\/wp\/v2\/pages\/578\/revisions"}],"predecessor-version":[{"id":4986,"href":"https:\/\/leria-insurance.com\/index.php\/wp-json\/wp\/v2\/pages\/578\/revisions\/4986"}],"wp:attachment":[{"href":"https:\/\/leria-insurance.com\/index.php\/wp-json\/wp\/v2\/media?parent=578"}],"curies":[{"name":"wp","href":"https:\/\/api.w.org\/{rel}","templated":true}]}}